{"id":389,"date":"2025-07-16T11:37:26","date_gmt":"2025-07-16T09:37:26","guid":{"rendered":"https:\/\/www.foyerdeniderviller.com\/?page_id=389"},"modified":"2025-07-16T11:37:26","modified_gmt":"2025-07-16T09:37:26","slug":"cross-training","status":"publish","type":"page","link":"https:\/\/www.foyerdeniderviller.com\/index.php\/cross-training\/","title":{"rendered":"CROSS TRAINING"},"content":{"rendered":"\n<p>Pour les Ados de 14 \u00e0 17 ans, le mercredi de 18h00 \u00e0 19h00 <\/p>\n\n\n\n<p>Pour les Adultes , le mercredi de 19h00 \u00e0 20h00<\/p>\n\n\n\n<p>A partir du 17 septembre 2025, salle de gym du complexe de salles<\/p>\n","protected":false},"excerpt":{"rendered":"<p>Pour les Ados de 14 \u00e0 17 ans, le mercredi de 18h00 \u00e0 19h00 Pour les Adultes , le mercredi de 19h00 \u00e0 20h00 A partir du 17 septembre 2025, salle de gym du complexe de salles<\/p>\n","protected":false},"author":1,"featured_media":0,"parent":0,"menu_order":0,"comment_status":"closed","ping_status":"closed","template":"","meta":{"footnotes":""},"_links":{"self":[{"href":"https:\/\/www.foyerdeniderviller.com\/index.php\/wp-json\/wp\/v2\/pages\/389"}],"collection":[{"href":"https:\/\/www.foyerdeniderviller.com\/index.php\/wp-json\/wp\/v2\/pages"}],"about":[{"href":"https:\/\/www.foyerdeniderviller.com\/index.php\/wp-json\/wp\/v2\/types\/page"}],"author":[{"embeddable":true,"href":"https:\/\/www.foyerdeniderviller.com\/index.php\/wp-json\/wp\/v2\/users\/1"}],"replies":[{"embeddable":true,"href":"https:\/\/www.foyerdeniderviller.com\/index.php\/wp-json\/wp\/v2\/comments?post=389"}],"version-history":[{"count":1,"href":"https:\/\/www.foyerdeniderviller.com\/index.php\/wp-json\/wp\/v2\/pages\/389\/revisions"}],"predecessor-version":[{"id":390,"href":"https:\/\/www.foyerdeniderviller.com\/index.php\/wp-json\/wp\/v2\/pages\/389\/revisions\/390"}],"wp:attachment":[{"href":"https:\/\/www.foyerdeniderviller.com\/index.php\/wp-json\/wp\/v2\/media?parent=389"}],"curies":[{"name":"wp","href":"https:\/\/api.w.org\/{rel}","templated":true}]}}