{"id":352,"date":"2025-04-22T13:53:02","date_gmt":"2025-04-22T11:53:02","guid":{"rendered":"https:\/\/www.foyerdeniderviller.com\/?page_id=352"},"modified":"2025-04-22T13:57:51","modified_gmt":"2025-04-22T11:57:51","slug":"les-nouveautes-pour-la-rentree-de-septembre-2025","status":"publish","type":"page","link":"https:\/\/www.foyerdeniderviller.com\/index.php\/les-nouveautes-pour-la-rentree-de-septembre-2025\/","title":{"rendered":"Les Nouveaut\u00e9s pour la rentr\u00e9e de septembre 2025"},"content":{"rendered":"\n<p><strong>Venez essayer les diff\u00e9rentes activit\u00e9s au programme pour la rentr\u00e9e 2025. <\/strong><\/p>\n\n\n\n<p><strong>Des s\u00e9ances d\u00e9couvertes gratuites vous sont propos\u00e9es les 17 et 18 juin.<\/strong><\/p>\n\n\n\n<figure class=\"wp-block-image size-large is-resized\"><img loading=\"lazy\" decoding=\"async\" width=\"1024\" height=\"1024\" src=\"https:\/\/www.foyerdeniderviller.com\/wp-content\/uploads\/2025\/04\/affiche-cross-training-1024x1024.png\" alt=\"\" class=\"wp-image-353\" style=\"width:375px;height:auto\" srcset=\"https:\/\/www.foyerdeniderviller.com\/wp-content\/uploads\/2025\/04\/affiche-cross-training-1024x1024.png 1024w, https:\/\/www.foyerdeniderviller.com\/wp-content\/uploads\/2025\/04\/affiche-cross-training-300x300.png 300w, https:\/\/www.foyerdeniderviller.com\/wp-content\/uploads\/2025\/04\/affiche-cross-training-150x150.png 150w, https:\/\/www.foyerdeniderviller.com\/wp-content\/uploads\/2025\/04\/affiche-cross-training-768x768.png 768w, https:\/\/www.foyerdeniderviller.com\/wp-content\/uploads\/2025\/04\/affiche-cross-training-100x100.png 100w, https:\/\/www.foyerdeniderviller.com\/wp-content\/uploads\/2025\/04\/affiche-cross-training.png 1080w\" sizes=\"(max-width: 767px) 89vw, (max-width: 1000px) 54vw, (max-width: 1071px) 543px, 580px\" \/><\/figure>\n\n\n\n<figure class=\"wp-block-image size-large is-resized\"><img loading=\"lazy\" decoding=\"async\" width=\"1024\" height=\"576\" src=\"https:\/\/www.foyerdeniderviller.com\/wp-content\/uploads\/2025\/04\/affiche-yoga-ok-1024x576.png\" alt=\"\" class=\"wp-image-354\" style=\"width:517px;height:auto\" srcset=\"https:\/\/www.foyerdeniderviller.com\/wp-content\/uploads\/2025\/04\/affiche-yoga-ok-1024x576.png 1024w, https:\/\/www.foyerdeniderviller.com\/wp-content\/uploads\/2025\/04\/affiche-yoga-ok-300x169.png 300w, https:\/\/www.foyerdeniderviller.com\/wp-content\/uploads\/2025\/04\/affiche-yoga-ok-768x432.png 768w, https:\/\/www.foyerdeniderviller.com\/wp-content\/uploads\/2025\/04\/affiche-yoga-ok.png 1280w\" sizes=\"(max-width: 767px) 89vw, (max-width: 1000px) 54vw, (max-width: 1071px) 543px, 580px\" \/><\/figure>\n\n\n\n<figure class=\"wp-block-image size-large is-resized\"><img loading=\"lazy\" decoding=\"async\" width=\"819\" height=\"1024\" src=\"https:\/\/www.foyerdeniderviller.com\/wp-content\/uploads\/2025\/04\/affiche-Qi-Gong-819x1024.png\" alt=\"\" class=\"wp-image-355\" style=\"width:437px;height:auto\" srcset=\"https:\/\/www.foyerdeniderviller.com\/wp-content\/uploads\/2025\/04\/affiche-Qi-Gong-819x1024.png 819w, https:\/\/www.foyerdeniderviller.com\/wp-content\/uploads\/2025\/04\/affiche-Qi-Gong-240x300.png 240w, https:\/\/www.foyerdeniderviller.com\/wp-content\/uploads\/2025\/04\/affiche-Qi-Gong-768x960.png 768w, https:\/\/www.foyerdeniderviller.com\/wp-content\/uploads\/2025\/04\/affiche-Qi-Gong.png 1080w\" sizes=\"(max-width: 767px) 89vw, (max-width: 1000px) 54vw, (max-width: 1071px) 543px, 580px\" \/><\/figure>\n\n\n<div class=\"wp-block-image\">\n<figure class=\"alignleft size-large is-resized\"><img loading=\"lazy\" decoding=\"async\" width=\"1024\" height=\"1024\" src=\"https:\/\/www.foyerdeniderviller.com\/wp-content\/uploads\/2025\/04\/affiche-danse-de-societe-debutant-1024x1024.png\" alt=\"\" class=\"wp-image-356\" style=\"width:436px;height:auto\" srcset=\"https:\/\/www.foyerdeniderviller.com\/wp-content\/uploads\/2025\/04\/affiche-danse-de-societe-debutant-1024x1024.png 1024w, https:\/\/www.foyerdeniderviller.com\/wp-content\/uploads\/2025\/04\/affiche-danse-de-societe-debutant-300x300.png 300w, https:\/\/www.foyerdeniderviller.com\/wp-content\/uploads\/2025\/04\/affiche-danse-de-societe-debutant-150x150.png 150w, https:\/\/www.foyerdeniderviller.com\/wp-content\/uploads\/2025\/04\/affiche-danse-de-societe-debutant-768x768.png 768w, https:\/\/www.foyerdeniderviller.com\/wp-content\/uploads\/2025\/04\/affiche-danse-de-societe-debutant-100x100.png 100w, https:\/\/www.foyerdeniderviller.com\/wp-content\/uploads\/2025\/04\/affiche-danse-de-societe-debutant.png 1080w\" sizes=\"(max-width: 767px) 89vw, (max-width: 1000px) 54vw, (max-width: 1071px) 543px, 580px\" \/><\/figure><\/div>","protected":false},"excerpt":{"rendered":"<p>Venez essayer les diff\u00e9rentes activit\u00e9s au programme pour la rentr\u00e9e 2025. Des s\u00e9ances d\u00e9couvertes gratuites vous sont propos\u00e9es les 17 et 18 juin.<\/p>\n","protected":false},"author":2,"featured_media":0,"parent":0,"menu_order":0,"comment_status":"closed","ping_status":"closed","template":"","meta":{"footnotes":""},"_links":{"self":[{"href":"https:\/\/www.foyerdeniderviller.com\/index.php\/wp-json\/wp\/v2\/pages\/352"}],"collection":[{"href":"https:\/\/www.foyerdeniderviller.com\/index.php\/wp-json\/wp\/v2\/pages"}],"about":[{"href":"https:\/\/www.foyerdeniderviller.com\/index.php\/wp-json\/wp\/v2\/types\/page"}],"author":[{"embeddable":true,"href":"https:\/\/www.foyerdeniderviller.com\/index.php\/wp-json\/wp\/v2\/users\/2"}],"replies":[{"embeddable":true,"href":"https:\/\/www.foyerdeniderviller.com\/index.php\/wp-json\/wp\/v2\/comments?post=352"}],"version-history":[{"count":2,"href":"https:\/\/www.foyerdeniderviller.com\/index.php\/wp-json\/wp\/v2\/pages\/352\/revisions"}],"predecessor-version":[{"id":360,"href":"https:\/\/www.foyerdeniderviller.com\/index.php\/wp-json\/wp\/v2\/pages\/352\/revisions\/360"}],"wp:attachment":[{"href":"https:\/\/www.foyerdeniderviller.com\/index.php\/wp-json\/wp\/v2\/media?parent=352"}],"curies":[{"name":"wp","href":"https:\/\/api.w.org\/{rel}","templated":true}]}}