{"id":180,"date":"2022-09-02T09:59:49","date_gmt":"2022-09-02T07:59:49","guid":{"rendered":"http:\/\/foyerdeniderviller.com\/?page_id=180"},"modified":"2025-07-16T11:08:52","modified_gmt":"2025-07-16T09:08:52","slug":"atelier-informatique","status":"publish","type":"page","link":"https:\/\/www.foyerdeniderviller.com\/index.php\/atelier-informatique\/","title":{"rendered":"Atelier Sophrologie"},"content":{"rendered":"\n<p>Un atelier Sophrologie sur le th\u00e8me de \u00ab\u00a0comment se lib\u00e9rer de la charge mentale\u00a0\u00bb sera propos\u00e9 \u00e0 partir du jeudi 02 octobre 2025 de 10h30 \u00e0 11h30.<\/p>\n\n\n\n<p> Cet atelier se d\u00e9roulera sur 8 s\u00e9ances <\/p>\n\n\n\n<p><em>Tarif : 120<\/em>\u20ac les 8 s\u00e9ances (soit 15\u20ac\/s\u00e9ance) + 18\u20ac CM<\/p>\n\n\n\n<p><\/p>\n","protected":false},"excerpt":{"rendered":"<p>Un atelier Sophrologie sur le th\u00e8me de \u00ab\u00a0comment se lib\u00e9rer de la charge mentale\u00a0\u00bb sera propos\u00e9 \u00e0 partir du jeudi 02 octobre 2025 de 10h30 \u00e0 11h30. Cet atelier se d\u00e9roulera sur 8 s\u00e9ances Tarif : 120\u20ac les 8 s\u00e9ances (soit 15\u20ac\/s\u00e9ance) + 18\u20ac CM<\/p>\n","protected":false},"author":1,"featured_media":0,"parent":0,"menu_order":0,"comment_status":"closed","ping_status":"closed","template":"","meta":{"footnotes":""},"_links":{"self":[{"href":"https:\/\/www.foyerdeniderviller.com\/index.php\/wp-json\/wp\/v2\/pages\/180"}],"collection":[{"href":"https:\/\/www.foyerdeniderviller.com\/index.php\/wp-json\/wp\/v2\/pages"}],"about":[{"href":"https:\/\/www.foyerdeniderviller.com\/index.php\/wp-json\/wp\/v2\/types\/page"}],"author":[{"embeddable":true,"href":"https:\/\/www.foyerdeniderviller.com\/index.php\/wp-json\/wp\/v2\/users\/1"}],"replies":[{"embeddable":true,"href":"https:\/\/www.foyerdeniderviller.com\/index.php\/wp-json\/wp\/v2\/comments?post=180"}],"version-history":[{"count":8,"href":"https:\/\/www.foyerdeniderviller.com\/index.php\/wp-json\/wp\/v2\/pages\/180\/revisions"}],"predecessor-version":[{"id":369,"href":"https:\/\/www.foyerdeniderviller.com\/index.php\/wp-json\/wp\/v2\/pages\/180\/revisions\/369"}],"wp:attachment":[{"href":"https:\/\/www.foyerdeniderviller.com\/index.php\/wp-json\/wp\/v2\/media?parent=180"}],"curies":[{"name":"wp","href":"https:\/\/api.w.org\/{rel}","templated":true}]}}