{"id":16,"date":"2020-06-25T11:20:55","date_gmt":"2020-06-25T09:20:55","guid":{"rendered":"http:\/\/foyerdeniderviller.com\/?page_id=16"},"modified":"2025-07-16T11:17:54","modified_gmt":"2025-07-16T09:17:54","slug":"escalade","status":"publish","type":"page","link":"https:\/\/www.foyerdeniderviller.com\/index.php\/escalade\/","title":{"rendered":"Escalade"},"content":{"rendered":"\n<ul>\n<li>Pour les Ados de 11 \u00e0 15 ans le lundi de 18h30 \u00e0 19h30 ou le mardi de 19h \u00e0 20h. <\/li>\n\n\n\n<li>Pour les Adultes d\u00e9butants (\u00e0 partir de 16 ans) le lundi de 19h30 \u00e0 21h<\/li>\n\n\n\n<li>Pour les Grimpeurs confirm\u00e9s (\u00e0 partir de 16 ans) le jeudi et le vendredi de 19h \u00e0 21h<\/li>\n<\/ul>\n\n\n\n<p>Reprise \u00e0 partir du lundi 15 septembre2025<\/p>\n\n\n\n<figure class=\"wp-block-embed is-type-video is-provider-youtube wp-block-embed-youtube wp-embed-aspect-16-9 wp-has-aspect-ratio\"><div class=\"wp-block-embed__wrapper\">\n<iframe loading=\"lazy\" title=\"Club d&#039;escalade ROCADONF Niderviller\" width=\"525\" height=\"295\" src=\"https:\/\/www.youtube.com\/embed\/is7idlu2xJk?feature=oembed\" frameborder=\"0\" allow=\"accelerometer; autoplay; clipboard-write; encrypted-media; gyroscope; picture-in-picture; web-share\" referrerpolicy=\"strict-origin-when-cross-origin\" allowfullscreen><\/iframe>\n<\/div><\/figure>\n","protected":false},"excerpt":{"rendered":"<p>Reprise \u00e0 partir du lundi 15 septembre2025<\/p>\n","protected":false},"author":1,"featured_media":0,"parent":0,"menu_order":0,"comment_status":"closed","ping_status":"closed","template":"","meta":{"footnotes":""},"_links":{"self":[{"href":"https:\/\/www.foyerdeniderviller.com\/index.php\/wp-json\/wp\/v2\/pages\/16"}],"collection":[{"href":"https:\/\/www.foyerdeniderviller.com\/index.php\/wp-json\/wp\/v2\/pages"}],"about":[{"href":"https:\/\/www.foyerdeniderviller.com\/index.php\/wp-json\/wp\/v2\/types\/page"}],"author":[{"embeddable":true,"href":"https:\/\/www.foyerdeniderviller.com\/index.php\/wp-json\/wp\/v2\/users\/1"}],"replies":[{"embeddable":true,"href":"https:\/\/www.foyerdeniderviller.com\/index.php\/wp-json\/wp\/v2\/comments?post=16"}],"version-history":[{"count":10,"href":"https:\/\/www.foyerdeniderviller.com\/index.php\/wp-json\/wp\/v2\/pages\/16\/revisions"}],"predecessor-version":[{"id":376,"href":"https:\/\/www.foyerdeniderviller.com\/index.php\/wp-json\/wp\/v2\/pages\/16\/revisions\/376"}],"wp:attachment":[{"href":"https:\/\/www.foyerdeniderviller.com\/index.php\/wp-json\/wp\/v2\/media?parent=16"}],"curies":[{"name":"wp","href":"https:\/\/api.w.org\/{rel}","templated":true}]}}