{"id":132,"date":"2022-07-20T23:54:07","date_gmt":"2022-07-20T21:54:07","guid":{"rendered":"http:\/\/foyerdeniderviller.com\/?page_id=132"},"modified":"2025-07-16T11:45:33","modified_gmt":"2025-07-16T09:45:33","slug":"sejour-de-vancances","status":"publish","type":"page","link":"https:\/\/www.foyerdeniderviller.com\/index.php\/sejour-de-vancances\/","title":{"rendered":"S\u00e9jour de vacances"},"content":{"rendered":"\n<ul>\n<li>Un s\u00e9jour est propos\u00e9 aux jeunes de 9 \u00e0 16 ans, du 4 au 13 juillet 2026, celui-ci aura lieu \u00e0 Vieux- Boucau dans les Landes, tarif : \u00e0 d\u00e9finir<\/li>\n<\/ul>\n\n\n\n<figure class=\"wp-block-image\"><img loading=\"lazy\" decoding=\"async\" width=\"1024\" height=\"768\" src=\"http:\/\/www.foyerdeniderviller.com\/wp-content\/uploads\/2023\/12\/20230714_102522-1024x768.jpg\" alt=\"\" class=\"wp-image-232\" srcset=\"https:\/\/www.foyerdeniderviller.com\/wp-content\/uploads\/2023\/12\/20230714_102522-1024x768.jpg 1024w, https:\/\/www.foyerdeniderviller.com\/wp-content\/uploads\/2023\/12\/20230714_102522-300x225.jpg 300w, https:\/\/www.foyerdeniderviller.com\/wp-content\/uploads\/2023\/12\/20230714_102522-768x576.jpg 768w\" sizes=\"(max-width: 767px) 89vw, (max-width: 1000px) 54vw, (max-width: 1071px) 543px, 580px\" \/><\/figure>\n","protected":false},"excerpt":{"rendered":"","protected":false},"author":1,"featured_media":0,"parent":0,"menu_order":0,"comment_status":"closed","ping_status":"closed","template":"","meta":{"footnotes":""},"_links":{"self":[{"href":"https:\/\/www.foyerdeniderviller.com\/index.php\/wp-json\/wp\/v2\/pages\/132"}],"collection":[{"href":"https:\/\/www.foyerdeniderviller.com\/index.php\/wp-json\/wp\/v2\/pages"}],"about":[{"href":"https:\/\/www.foyerdeniderviller.com\/index.php\/wp-json\/wp\/v2\/types\/page"}],"author":[{"embeddable":true,"href":"https:\/\/www.foyerdeniderviller.com\/index.php\/wp-json\/wp\/v2\/users\/1"}],"replies":[{"embeddable":true,"href":"https:\/\/www.foyerdeniderviller.com\/index.php\/wp-json\/wp\/v2\/comments?post=132"}],"version-history":[{"count":6,"href":"https:\/\/www.foyerdeniderviller.com\/index.php\/wp-json\/wp\/v2\/pages\/132\/revisions"}],"predecessor-version":[{"id":400,"href":"https:\/\/www.foyerdeniderviller.com\/index.php\/wp-json\/wp\/v2\/pages\/132\/revisions\/400"}],"wp:attachment":[{"href":"https:\/\/www.foyerdeniderviller.com\/index.php\/wp-json\/wp\/v2\/media?parent=132"}],"curies":[{"name":"wp","href":"https:\/\/api.w.org\/{rel}","templated":true}]}}