{"id":130,"date":"2022-07-20T23:53:08","date_gmt":"2022-07-20T21:53:08","guid":{"rendered":"http:\/\/foyerdeniderviller.com\/?page_id=130"},"modified":"2025-06-16T10:20:10","modified_gmt":"2025-06-16T08:20:10","slug":"centre-aere-pour-les-4-a-12-ans","status":"publish","type":"page","link":"https:\/\/www.foyerdeniderviller.com\/index.php\/centre-aere-pour-les-4-a-12-ans\/","title":{"rendered":"Centre a\u00e9r\u00e9 pour les 4 \u00e0 12 ans"},"content":{"rendered":"\n<ul>\n<li>Toussaint du 21 au 25 octobre 2024 de 9h \u00e0 17h avec possibilit\u00e9 de garderie de 7h30 \u00e0 18h<\/li>\n\n\n\n<li>Hiver du 10 au 14 f\u00e9vrier  2025 de 9h \u00e0 17h avec possibilit\u00e9 de garderie de 7h30 \u00e0 18h<\/li>\n\n\n\n<li>Printemps du 07 au 11 avril 2025 de 9h \u00e0 17h avec possibilit\u00e9 de garderie de 7h30 \u00e0 18h<\/li>\n\n\n\n<li>\u00c9t\u00e9 du 15 juillet au 1 ao\u00fbt 2025 de 9h \u00e0 17h avec possibilit\u00e9 de garderie de 7h30 \u00e0 18h<\/li>\n<\/ul>\n\n\n\n\n\n<figure class=\"wp-block-image size-large\"><img loading=\"lazy\" decoding=\"async\" width=\"724\" height=\"1024\" src=\"https:\/\/www.foyerdeniderviller.com\/wp-content\/uploads\/2025\/06\/pub-ete-2025-724x1024.png\" alt=\"\" class=\"wp-image-364\" srcset=\"https:\/\/www.foyerdeniderviller.com\/wp-content\/uploads\/2025\/06\/pub-ete-2025-724x1024.png 724w, https:\/\/www.foyerdeniderviller.com\/wp-content\/uploads\/2025\/06\/pub-ete-2025-212x300.png 212w, https:\/\/www.foyerdeniderviller.com\/wp-content\/uploads\/2025\/06\/pub-ete-2025-768x1086.png 768w, https:\/\/www.foyerdeniderviller.com\/wp-content\/uploads\/2025\/06\/pub-ete-2025-1086x1536.png 1086w, https:\/\/www.foyerdeniderviller.com\/wp-content\/uploads\/2025\/06\/pub-ete-2025-1448x2048.png 1448w, https:\/\/www.foyerdeniderviller.com\/wp-content\/uploads\/2025\/06\/pub-ete-2025.png 1587w\" sizes=\"(max-width: 724px) 100vw, 724px\" \/><\/figure>\n","protected":false},"excerpt":{"rendered":"","protected":false},"author":1,"featured_media":0,"parent":0,"menu_order":0,"comment_status":"closed","ping_status":"closed","template":"","meta":{"footnotes":""},"_links":{"self":[{"href":"https:\/\/www.foyerdeniderviller.com\/index.php\/wp-json\/wp\/v2\/pages\/130"}],"collection":[{"href":"https:\/\/www.foyerdeniderviller.com\/index.php\/wp-json\/wp\/v2\/pages"}],"about":[{"href":"https:\/\/www.foyerdeniderviller.com\/index.php\/wp-json\/wp\/v2\/types\/page"}],"author":[{"embeddable":true,"href":"https:\/\/www.foyerdeniderviller.com\/index.php\/wp-json\/wp\/v2\/users\/1"}],"replies":[{"embeddable":true,"href":"https:\/\/www.foyerdeniderviller.com\/index.php\/wp-json\/wp\/v2\/comments?post=130"}],"version-history":[{"count":10,"href":"https:\/\/www.foyerdeniderviller.com\/index.php\/wp-json\/wp\/v2\/pages\/130\/revisions"}],"predecessor-version":[{"id":367,"href":"https:\/\/www.foyerdeniderviller.com\/index.php\/wp-json\/wp\/v2\/pages\/130\/revisions\/367"}],"wp:attachment":[{"href":"https:\/\/www.foyerdeniderviller.com\/index.php\/wp-json\/wp\/v2\/media?parent=130"}],"curies":[{"name":"wp","href":"https:\/\/api.w.org\/{rel}","templated":true}]}}