{"id":126,"date":"2022-07-20T23:51:12","date_gmt":"2022-07-20T21:51:12","guid":{"rendered":"http:\/\/foyerdeniderviller.com\/?page_id=126"},"modified":"2025-07-16T11:34:48","modified_gmt":"2025-07-16T09:34:48","slug":"tarifs-enfance","status":"publish","type":"page","link":"https:\/\/www.foyerdeniderviller.com\/index.php\/tarifs-enfance\/","title":{"rendered":"Tarifs enfance"},"content":{"rendered":"\n<ul>\n<li> Escalade Enfants\/Ados : 140 \u20ac l&rsquo;ann\u00e9e<\/li>\n\n\n\n<li>Gym : 220 \u20ac l&rsquo;ann\u00e9e<\/li>\n\n\n\n<li>Centre a\u00e9r\u00e9 : selon QF (entre 15 \u20ac et 22 \u20ac par jour)<\/li>\n\n\n\n<li>S\u00e9jour de vacances : Tarif \u00e0 d\u00e9finir<\/li>\n\n\n\n<li>P\u00e9riscolaire : selon QF <\/li>\n<\/ul>\n","protected":false},"excerpt":{"rendered":"","protected":false},"author":1,"featured_media":0,"parent":0,"menu_order":0,"comment_status":"closed","ping_status":"closed","template":"","meta":{"footnotes":""},"_links":{"self":[{"href":"https:\/\/www.foyerdeniderviller.com\/index.php\/wp-json\/wp\/v2\/pages\/126"}],"collection":[{"href":"https:\/\/www.foyerdeniderviller.com\/index.php\/wp-json\/wp\/v2\/pages"}],"about":[{"href":"https:\/\/www.foyerdeniderviller.com\/index.php\/wp-json\/wp\/v2\/types\/page"}],"author":[{"embeddable":true,"href":"https:\/\/www.foyerdeniderviller.com\/index.php\/wp-json\/wp\/v2\/users\/1"}],"replies":[{"embeddable":true,"href":"https:\/\/www.foyerdeniderviller.com\/index.php\/wp-json\/wp\/v2\/comments?post=126"}],"version-history":[{"count":4,"href":"https:\/\/www.foyerdeniderviller.com\/index.php\/wp-json\/wp\/v2\/pages\/126\/revisions"}],"predecessor-version":[{"id":388,"href":"https:\/\/www.foyerdeniderviller.com\/index.php\/wp-json\/wp\/v2\/pages\/126\/revisions\/388"}],"wp:attachment":[{"href":"https:\/\/www.foyerdeniderviller.com\/index.php\/wp-json\/wp\/v2\/media?parent=126"}],"curies":[{"name":"wp","href":"https:\/\/api.w.org\/{rel}","templated":true}]}}