{"id":104,"date":"2022-07-20T23:34:19","date_gmt":"2022-07-20T21:34:19","guid":{"rendered":"http:\/\/foyerdeniderviller.com\/?page_id=104"},"modified":"2025-07-16T11:10:21","modified_gmt":"2025-07-16T09:10:21","slug":"danse-de-societe","status":"publish","type":"page","link":"https:\/\/www.foyerdeniderviller.com\/index.php\/danse-de-societe\/","title":{"rendered":"Danse adulte"},"content":{"rendered":"\n<p style=\"font-size:23px\"><strong><em>Line Dance<\/em><\/strong><\/p>\n\n\n\n<p style=\"font-size:18px\">Le mardi de 19h \u00e0 20h au complexe de salles, reprise le 09 septembre 2025<\/p>\n\n\n\n<p style=\"font-size:23px\"><strong><em>Danse de soci\u00e9t\u00e9<\/em> <\/strong><em>pour D\u00e9butants<\/em><\/p>\n\n\n\n<p style=\"font-size:18px\">Le mardi de 20h \u00e0 21h au complexe de salles, reprise de 09 septembre 2025<\/p>\n\n\n<div class=\"wp-block-image\">\n<figure class=\"aligncenter\"><img loading=\"lazy\" decoding=\"async\" width=\"208\" height=\"283\" src=\"http:\/\/www.foyerdeniderviller.com\/wp-content\/uploads\/2022\/09\/danse-soc.jpg\" alt=\"\" class=\"wp-image-195\"\/><\/figure><\/div>","protected":false},"excerpt":{"rendered":"<p>Line Dance Le mardi de 19h \u00e0 20h au complexe de salles, reprise le 09 septembre 2025 Danse de soci\u00e9t\u00e9 pour D\u00e9butants Le mardi de 20h \u00e0 21h au complexe de salles, reprise de 09 septembre 2025<\/p>\n","protected":false},"author":1,"featured_media":0,"parent":0,"menu_order":0,"comment_status":"closed","ping_status":"closed","template":"","meta":{"footnotes":""},"_links":{"self":[{"href":"https:\/\/www.foyerdeniderviller.com\/index.php\/wp-json\/wp\/v2\/pages\/104"}],"collection":[{"href":"https:\/\/www.foyerdeniderviller.com\/index.php\/wp-json\/wp\/v2\/pages"}],"about":[{"href":"https:\/\/www.foyerdeniderviller.com\/index.php\/wp-json\/wp\/v2\/types\/page"}],"author":[{"embeddable":true,"href":"https:\/\/www.foyerdeniderviller.com\/index.php\/wp-json\/wp\/v2\/users\/1"}],"replies":[{"embeddable":true,"href":"https:\/\/www.foyerdeniderviller.com\/index.php\/wp-json\/wp\/v2\/comments?post=104"}],"version-history":[{"count":8,"href":"https:\/\/www.foyerdeniderviller.com\/index.php\/wp-json\/wp\/v2\/pages\/104\/revisions"}],"predecessor-version":[{"id":370,"href":"https:\/\/www.foyerdeniderviller.com\/index.php\/wp-json\/wp\/v2\/pages\/104\/revisions\/370"}],"wp:attachment":[{"href":"https:\/\/www.foyerdeniderviller.com\/index.php\/wp-json\/wp\/v2\/media?parent=104"}],"curies":[{"name":"wp","href":"https:\/\/api.w.org\/{rel}","templated":true}]}}